{"id":476,"date":"2011-03-24T13:10:08","date_gmt":"2011-03-24T13:10:08","guid":{"rendered":"http:\/\/naehtechnik.eu\/?page_id=476"},"modified":"2023-05-09T12:14:06","modified_gmt":"2023-05-09T12:14:06","slug":"impressum","status":"publish","type":"page","link":"https:\/\/naehtechnik.eu\/index.php\/impressum\/","title":{"rendered":"Impressum"},"content":{"rendered":"<div class=\"one_half\"><strong>Inhaltlich verantwortlich gem\u00e4\u00df \u00a7 10 Absatz 3 MDStV<\/strong><\/p>\n<p><strong>NTH \u2013 N\u00e4htechnik Heiligenstadt<\/strong><br \/>\nTorsten L\u00f6ffler<br \/>\nJohann-Christoph-Lovis-Allee 8<br \/>\n37308 Heilbad Heiligenstadt<br \/>\nTelefon: +49 (0) 3606-507244<\/p>\n<p>Mobil: 0152 54004272<\/p>\n<p><strong>info@naehtechnik.eu<\/strong><\/p>\n<p>USt-IdNr.: DE 258785489<\/p>\n<\/div>\n<div class=\"one_half last\">\n<p><strong>Haftungsausschluss<\/strong><\/p>\n<p>1. Inhalte des Online-Angebots<\/p>\n<p>Torsten L\u00f6ffler ist stets um Richtigkeit, Aktualit\u00e4t und Vollst\u00e4ndigkeit der Informationen auf diesen Seiten bem\u00fcht. Trotzdem kann er f\u00fcr die angebotenen Informationen keine Gew\u00e4hr \u00fcbernehmen.<\/p>\n<p>2. Urheberrecht und Gewerbliche Schutzrechte<\/p>\n<p>Texte, Bilder und Grafiken sowie deren Anordnung unterliegen dem Schutz des Urheberrechtes und anderer Schutzgesetze. Die Vervielf\u00e4ltigung, Ab\u00e4nderung, \u00dcbertragung oder Ver\u00f6ffentlichung eines Teils oder des gesamten Inhaltes dieser Website ist in jeglicher Form verboten. Alle auf dieser Website enthaltenen Kennzeichen (gesch\u00fctzte Marken, wie Logos und gesch\u00e4ftliche Bezeichnungen) sind Eigentum von Torsten L\u00f6ffler oder Dritter und d\u00fcrfen ohne vorherige schriftliche Einwilligung nicht verwendet, herunter geladen, kopiert oder verbreitet werden.<\/p>\n<p>3. Datenschutz<\/p>\n<p>Pers\u00f6nliche Daten, die Sie Torsten L\u00f6ffler \u00fcber die Kontaktkan\u00e4le dieser Webseite zukommen lassen, werden vertraulich behandelt. Mit dem \u00fcbermitteln dieser Angaben erkl\u00e4ren Sie sich damit einverstanden, dass Ihre Daten zur Bearbeitung im Sinne des Bundesdatenschutzgesetzes im Bedarfsfall per EDV erfasst werden.<\/p>\n<\/div>\n","protected":false},"excerpt":{"rendered":"<p>Inhaltlich verantwortlich gem\u00e4\u00df \u00a7 10 Absatz 3 MDStV NTH \u2013 N\u00e4htechnik Heiligenstadt Torsten L\u00f6ffler Johann-Christoph-Lovis-Allee 8 37308 Heilbad Heiligenstadt Telefon: +49 (0) 3606-507244 Mobil: 0152 54004272 info@naehtechnik.eu USt-IdNr.: DE 258785489 Haftungsausschluss 1. Inhalte des Online-Angebots Torsten L\u00f6ffler ist stets um Richtigkeit, Aktualit\u00e4t und Vollst\u00e4ndigkeit der Informationen auf diesen Seiten bem\u00fcht. Trotzdem kann er f\u00fcr die &hellip;<\/p>\n","protected":false},"author":1,"featured_media":0,"parent":0,"menu_order":0,"comment_status":"closed","ping_status":"closed","template":"page-nosidebar.php","meta":[],"_links":{"self":[{"href":"https:\/\/naehtechnik.eu\/index.php\/wp-json\/wp\/v2\/pages\/476"}],"collection":[{"href":"https:\/\/naehtechnik.eu\/index.php\/wp-json\/wp\/v2\/pages"}],"about":[{"href":"https:\/\/naehtechnik.eu\/index.php\/wp-json\/wp\/v2\/types\/page"}],"author":[{"embeddable":true,"href":"https:\/\/naehtechnik.eu\/index.php\/wp-json\/wp\/v2\/users\/1"}],"replies":[{"embeddable":true,"href":"https:\/\/naehtechnik.eu\/index.php\/wp-json\/wp\/v2\/comments?post=476"}],"version-history":[{"count":19,"href":"https:\/\/naehtechnik.eu\/index.php\/wp-json\/wp\/v2\/pages\/476\/revisions"}],"predecessor-version":[{"id":1433,"href":"https:\/\/naehtechnik.eu\/index.php\/wp-json\/wp\/v2\/pages\/476\/revisions\/1433"}],"wp:attachment":[{"href":"https:\/\/naehtechnik.eu\/index.php\/wp-json\/wp\/v2\/media?parent=476"}],"curies":[{"name":"wp","href":"https:\/\/api.w.org\/{rel}","templated":true}]}}