{"id":259,"date":"2010-11-12T14:31:56","date_gmt":"2010-11-12T14:31:56","guid":{"rendered":"http:\/\/naehtechnik.eu\/index.php\/"},"modified":"2022-02-15T15:21:25","modified_gmt":"2022-02-15T15:21:25","slug":"unternehmen","status":"publish","type":"page","link":"https:\/\/naehtechnik.eu\/index.php\/unternehmen\/","title":{"rendered":"Unternehmen"},"content":{"rendered":"<p>Wir &#8211; die Mitarbeiter von N\u00e4htechnik-Bielefeld und N\u00e4htechnik Heilbad Heiligenstadt verf\u00fcgen \u00fcber jahrzehntelange Erfahrung im Bereich N\u00e4h- und B\u00fcgeltechnik. Als ausgebildete N\u00e4hmaschinenmechaniker und N\u00e4htechniker k\u00f6nnen wir auf ein fundiertes Fachwissen zugreifen und alle Anforderungen und Problemstellungen individuell und zeitnah l\u00f6sen.<\/p>\n<div class=\"one_third\">\n<h4>Leistungen<\/h4>\n<ul>\n<li>Individuelle Beratung und Verkauf<\/li>\n<li>Vertrieb von Neu- und Gebrauchtmaschinen<\/li>\n<li>Reperatur, Wartung und Instandhaltung aller Fabrikate vor Ort sowie in der hauseigenen Servicewerkstatt<\/li>\n<li>Lieferung von Ersatzteilen aller Hersteller<\/li>\n<li>Einrichtung ergonomischer Arbeitspl\u00e4tze<\/li>\n<li>Beratung und Verkauf f\u00fcr Haushaltsn\u00e4hmaschinen<\/li>\n<\/ul>\n<\/div>\n<div class=\"one_third\">\n<h4>Qualifikationen<\/h4>\n<ul>\n<li>5 Mitarbeiter, davon\u00a03 Techniker mit n\u00e4htechnischer Ausbildung bei Singer, Brother, Pfaff und Du\u0308rkopp Adler<\/li>\n<li>Vertriebpartner f\u00fcr Singer und Brother N\u00e4hmaschinen seit 1984<\/li>\n<li>Vertriebspartner f\u00fcr die Marke Pfaff seit 1996<\/li>\n<\/ul>\n<\/div>\n<div class=\"one_third last\">\n<h4>Standorte<\/h4>\n<p><strong>NTB &#8211; N\u00e4htechnik Bielefeld<\/strong><br \/>\nOtto Brenner Stra\u00dfe 202<br \/>\n33604 Bielefeld<\/p>\n<p>Telefon: 0521\/29 60 67<\/p>\n<p><strong>NTH &#8211; N\u00e4htechnik Heiligenstadt<\/strong><br \/>\nJohann-Christoph-Lovis-Allee 8<br \/>\n37308 Heilbad Heiligenstadt<\/p>\n<p>Telefon: 03606\/50 72 44<br \/>\nMobil 0152 54004272<\/p>\n<\/div>\n","protected":false},"excerpt":{"rendered":"<p>Wir &#8211; die Mitarbeiter von N\u00e4htechnik-Bielefeld und N\u00e4htechnik Heilbad Heiligenstadt verf\u00fcgen \u00fcber jahrzehntelange Erfahrung im Bereich N\u00e4h- und B\u00fcgeltechnik. Als ausgebildete N\u00e4hmaschinenmechaniker und N\u00e4htechniker k\u00f6nnen wir auf ein fundiertes Fachwissen zugreifen und alle Anforderungen und Problemstellungen individuell und zeitnah l\u00f6sen. Leistungen Individuelle Beratung und Verkauf Vertrieb von Neu- und Gebrauchtmaschinen Reperatur, Wartung und Instandhaltung aller &hellip;<\/p>\n","protected":false},"author":1,"featured_media":0,"parent":0,"menu_order":0,"comment_status":"closed","ping_status":"closed","template":"page-nosidebar.php","meta":[],"_links":{"self":[{"href":"https:\/\/naehtechnik.eu\/index.php\/wp-json\/wp\/v2\/pages\/259"}],"collection":[{"href":"https:\/\/naehtechnik.eu\/index.php\/wp-json\/wp\/v2\/pages"}],"about":[{"href":"https:\/\/naehtechnik.eu\/index.php\/wp-json\/wp\/v2\/types\/page"}],"author":[{"embeddable":true,"href":"https:\/\/naehtechnik.eu\/index.php\/wp-json\/wp\/v2\/users\/1"}],"replies":[{"embeddable":true,"href":"https:\/\/naehtechnik.eu\/index.php\/wp-json\/wp\/v2\/comments?post=259"}],"version-history":[{"count":21,"href":"https:\/\/naehtechnik.eu\/index.php\/wp-json\/wp\/v2\/pages\/259\/revisions"}],"predecessor-version":[{"id":1410,"href":"https:\/\/naehtechnik.eu\/index.php\/wp-json\/wp\/v2\/pages\/259\/revisions\/1410"}],"wp:attachment":[{"href":"https:\/\/naehtechnik.eu\/index.php\/wp-json\/wp\/v2\/media?parent=259"}],"curies":[{"name":"wp","href":"https:\/\/api.w.org\/{rel}","templated":true}]}}