{"id":1330,"date":"2018-06-25T11:37:24","date_gmt":"2018-06-25T11:37:24","guid":{"rendered":"http:\/\/naehtechnik.eu\/?page_id=1330"},"modified":"2020-10-15T09:53:06","modified_gmt":"2020-10-15T09:53:06","slug":"schlagwoerter","status":"publish","type":"page","link":"https:\/\/naehtechnik.eu\/index.php\/schlagwoerter\/","title":{"rendered":"Keywords"},"content":{"rendered":"<p>Abschneidemaschinen<\/p>\n<p>Abschneider<\/p>\n<p>Anschl\u00e4ge<\/p>\n<p>Antriebsriemen<\/p>\n<p>Armabw\u00e4rts-Kettenstichmaschinen<\/p>\n<p>Balancerarm<\/p>\n<p>Bandeinfasser<\/p>\n<p>Bandmessermaschinen<\/p>\n<p>BATTISTELLA<\/p>\n<p>Blindstichmaschinen<\/p>\n<p>Brother<\/p>\n<p>Brother N\u00e4hmaschine<\/p>\n<p>B\u00fcgeleisen<\/p>\n<p>B\u00fcgeleisenarm,<\/p>\n<p>B\u00fcgeltische,<\/p>\n<p>Chee Siang<\/p>\n<p>Coats<\/p>\n<p>Coverlock Maschinen<\/p>\n<p>Dampfb\u00fcrsten<\/p>\n<p>Dampferzeuger<\/p>\n<p>Dumpfb\u00fcgelpressen<\/p>\n<p>D\u00fcrkopp Adler<\/p>\n<p>Einfassapparat<\/p>\n<p>Einfasser<\/p>\n<p>Elektroschere<\/p>\n<p>Ersatzteile f\u00fcr D\u00fcrkopp Adler<\/p>\n<p>Ersatzteile f\u00fcr Fadenspuler<\/p>\n<p>Ersatzteile f\u00fcr Juki<\/p>\n<p>Ersatzteile f\u00fcr N\u00e4hmaschinen<\/p>\n<p>Ersatzteile f\u00fcr Pfaff<\/p>\n<p>Ersatzteile f\u00fcr Siruba<\/p>\n<p>Fischbein<\/p>\n<p>Fixierpressen<\/p>\n<p>Flat bed zig-zag<\/p>\n<p>Garnrollespulger\u00e4te<\/p>\n<p>Garudan industrial sewing machines<\/p>\n<p>Gelenkf\u00fc\u00dfe<\/p>\n<p>Gemsy N\u00e4hmaschine<\/p>\n<p>Global N\u00e4hmaschine<\/p>\n<p>Golden Wheel<\/p>\n<p>Greifer f\u00fcr N\u00e4hmaschine<\/p>\n<p>Interlock Maschinen<\/p>\n<p>Jack N\u00e4hmaschine<\/p>\n<p>JANOME N\u00e4hmaschine<\/p>\n<p>Juki<\/p>\n<p>Juki N\u00e4hmaschine<\/p>\n<p>Kantenanschl\u00e4ge<\/p>\n<p>Kantenf\u00fchrer<\/p>\n<p>Knopfann\u00e4hmaschinen<\/p>\n<p>Knopflochmaschinen<\/p>\n<p>Lasermarkierer<\/p>\n<p>Looper<\/p>\n<p>Lower knife<\/p>\n<p>Lower looper<\/p>\n<p>Magnetische Nahtlehre<\/p>\n<p>Maier Zuschneidetische<\/p>\n<p>Massb\u00e4nder<\/p>\n<p>Mehrnadel-Stickmaschinen<\/p>\n<p>Messer f\u00fcr N\u00e4hmaschinen<\/p>\n<p>Messerschleifmaschinen<\/p>\n<p>Multifunktionelle N\u00e4hmaschinen<\/p>\n<p>Nadeln f\u00fcr Haushaltn\u00e4hmaschinen<\/p>\n<p>N\u00e4h- und Stickmaschinen<\/p>\n<p>N\u00e4happarate<\/p>\n<p>N\u00e4hautomaten<\/p>\n<p>N\u00e4hf\u00fc\u00dfe<\/p>\n<p>N\u00e4hgarn<\/p>\n<p>N\u00e4hleuchten<\/p>\n<p>N\u00e4hnadeln<\/p>\n<p>N\u00e4hst\u00fchle<\/p>\n<p>Needle plate<\/p>\n<p>Nucleus<\/p>\n<p>Overlockmaschinen<\/p>\n<p>Pegasus<\/p>\n<p>Pfaff<\/p>\n<p>Pfaff N\u00e4hmaschine<\/p>\n<p>Plotter<\/p>\n<p>Presser foot<\/p>\n<p>Racing Puller<\/p>\n<p>Reparatur Haushaltsn\u00e4hmaschienen<\/p>\n<p>Riegelmaschinen<\/p>\n<p>Robuso<\/p>\n<p>Sackn\u00e4hmaschinen<\/p>\n<p>Sackzun\u00e4hmaschinen<\/p>\n<p>Safetystichmaschinen<\/p>\n<p>Safetystichmaschinen<\/p>\n<p>S\u00e4umapparate<\/p>\n<p>S\u00e4umerapparate<\/p>\n<p>Schmetz<\/p>\n<p>Schneiderpuppe<\/p>\n<p>Schneiderschere<\/p>\n<p>Schwei\u00dfmaschine<\/p>\n<p>Sewing lamp<\/p>\n<p>Sewing machine<\/p>\n<p>Shunfa N\u00e4hmaschine<\/p>\n<p>Singer<\/p>\n<p>Spirit N\u00e4hmaschinen\u00f6l<\/p>\n<p>Spreitzer<\/p>\n<p>Spulen<\/p>\n<p>Spulenkapseln<\/p>\n<p>Steppf\u00fc\u00dfe<\/p>\n<p>Steppstichmaschinen<\/p>\n<p>Steppstich-S\u00e4ulenmaschine<\/p>\n<p>Steppstich-Zylinderarmmaschine<\/p>\n<p>Stichplatten<\/p>\n<p>Stickmaschinen<\/p>\n<p>Stofflegemaschine<\/p>\n<p>Stossmessermaschinen<\/p>\n<p>Textilpresse<\/p>\n<p>Tischplatte f\u00fcr N\u00e4hmaschine<\/p>\n<p>Typical<\/p>\n<p>Umlaufgreifer<\/p>\n<p>Union Special<\/p>\n<p>Untertransport<\/p>\n<p>Upper knife<\/p>\n<p>Upper looper<\/p>\n<p>Veit<\/p>\n<p>Yamato N\u00e4hmaschine<\/p>\n<p>ZickZack-Maschinen<\/p>\n<p>Zoje N\u00e4hmaschine<\/p>\n<p>Zubeh\u00f6r f\u00fcr N\u00e4hmaschinen<\/p>\n<p>Zuschneidetische<\/p>\n<p>Zuschnittger\u00e4te<\/p>\n\n\n<h1 class=\"wp-block-heading\">Industrien\u00e4hmaschinen aller Fabrikate<\/h1>\n\n\n\n<p>Reissverschlu\u00dff\u00fcsse f. Dreifachtransport- N\u00e4hmaschine<\/p>\n\n\n\n<p>Kederfuss f. D\u00fcrkopp Adler, PFAFF , Typical, Vetron uvm.<\/p>\n\n\n\n<p>Kantensteppfuss f. D\u00fcrkopp Adler, PFAFF , Typical, Vetron uvm.<\/p>\n\n\n\n<p>Teflonn\u00e4hfuss f. Schnelln\u00e4her mit Untertransport<\/p>\n\n\n\n<p>LED- N\u00e4hleuchten<\/p>\n\n\n\n<p>Ersatzteile f\u00fcr D\u00fcrkopp Adler, PFAFF, Singer, Typical Vetron, Global, Golden Wheel, Veit B\u00fcgeltechnik, Pegasus Overlock, Union Special Sackzun\u00e4hmaschine, Brother Industrien\u00e4hmaschinen, Brother Haushaltsn\u00e4hmaschinen, Janome, Gritzner <\/p>\n\n\n\n<p>D\u00fcrkopp Adler 267 , 667, 867 , 869, 888, 868<\/p>\n\n\n\n<p>S\u00e4ulenn\u00e4hmaschine\/ Freiarmn\u00e4hmaschine, Flachbettn\u00e4hmaschine<\/p>\n\n\n\n<p>PFAFF 335G Freiarmn\u00e4hmaschine<\/p>\n\n\n\n<p>PFAFF 591  S\u00e4ulenn\u00e4hmaschine<\/p>\n\n\n\n<p>PFAFF 1245 Dreifachtransport- N\u00e4hmaschine Flachbett<\/p>\n\n\n\n<p>Singer Overlock, Ketteln\u00e4hmaschine 3- Faden<\/p>\n\n\n\n<p>Singer Overlock, Ketteln\u00e4hmaschine 4- Faden<\/p>\n\n\n\n<p>Singer Overlock, Ketteln\u00e4hmaschine 5- Faden<\/p>\n\n\n\n<p>Raumluftfilter contra Corona<\/p>\n\n\n\n<p><\/p>\n\n\n\n<p><\/p>\n","protected":false},"excerpt":{"rendered":"<p>Abschneidemaschinen Abschneider Anschl\u00e4ge Antriebsriemen Armabw\u00e4rts-Kettenstichmaschinen Balancerarm Bandeinfasser Bandmessermaschinen BATTISTELLA Blindstichmaschinen Brother Brother N\u00e4hmaschine B\u00fcgeleisen B\u00fcgeleisenarm, B\u00fcgeltische, Chee Siang Coats Coverlock Maschinen Dampfb\u00fcrsten Dampferzeuger Dumpfb\u00fcgelpressen D\u00fcrkopp Adler Einfassapparat Einfasser Elektroschere Ersatzteile f\u00fcr D\u00fcrkopp Adler Ersatzteile f\u00fcr Fadenspuler Ersatzteile f\u00fcr Juki Ersatzteile f\u00fcr N\u00e4hmaschinen Ersatzteile f\u00fcr Pfaff Ersatzteile f\u00fcr Siruba Fischbein Fixierpressen Flat bed zig-zag Garnrollespulger\u00e4te Garudan &hellip;<\/p>\n","protected":false},"author":2,"featured_media":0,"parent":0,"menu_order":0,"comment_status":"closed","ping_status":"closed","template":"","meta":[],"_links":{"self":[{"href":"https:\/\/naehtechnik.eu\/index.php\/wp-json\/wp\/v2\/pages\/1330"}],"collection":[{"href":"https:\/\/naehtechnik.eu\/index.php\/wp-json\/wp\/v2\/pages"}],"about":[{"href":"https:\/\/naehtechnik.eu\/index.php\/wp-json\/wp\/v2\/types\/page"}],"author":[{"embeddable":true,"href":"https:\/\/naehtechnik.eu\/index.php\/wp-json\/wp\/v2\/users\/2"}],"replies":[{"embeddable":true,"href":"https:\/\/naehtechnik.eu\/index.php\/wp-json\/wp\/v2\/comments?post=1330"}],"version-history":[{"count":6,"href":"https:\/\/naehtechnik.eu\/index.php\/wp-json\/wp\/v2\/pages\/1330\/revisions"}],"predecessor-version":[{"id":1401,"href":"https:\/\/naehtechnik.eu\/index.php\/wp-json\/wp\/v2\/pages\/1330\/revisions\/1401"}],"wp:attachment":[{"href":"https:\/\/naehtechnik.eu\/index.php\/wp-json\/wp\/v2\/media?parent=1330"}],"curies":[{"name":"wp","href":"https:\/\/api.w.org\/{rel}","templated":true}]}}